{"id":1075,"date":"2017-02-03T17:58:00","date_gmt":"2017-02-03T16:58:00","guid":{"rendered":"https:\/\/www.osservatorio.it\/?page_id=1075"},"modified":"2025-06-02T10:11:09","modified_gmt":"2025-06-02T08:11:09","slug":"lo-staff","status":"publish","type":"page","link":"https:\/\/www.osservatorio.it\/en\/lo-staff\/","title":{"rendered":"Team"},"content":{"rendered":"<p><\/p>\n<h2>Board of Directors:<\/h2>\n<p>Andrea Caretta || President<br \/>\nLudovica Cassetta || Vicepresident<br \/>\nValeria Bianchi || Board Member<br \/>\nAndrea Malnati || Board Member<br \/>\nLaura Montini || Board Member<\/p>\n<h2>Scientific Committee:<\/h2>\n<p>Sara Bentivegna || Universit\u00e0 Sapienza di Roma<br \/>\nGiovanna Cosenza || Universit\u00e0 di Bologna<br \/>\nMarco Cuniberti || Universit\u00e0 degli Studi di Milano<br \/>\nDaniele Donati || Universit\u00e0 di Bologna<br \/>\nGiorgio Grossi || Universit\u00e0 Bicocca di Milano<br \/>\nGuido Legnante || \u00a0Universit\u00e0 di Pavia<br \/>\nGianpietro Mazzoleni || \u00a0Universit\u00e0 Statale di Milano<br \/>\nAntonietta Mira || Universit\u00e0 dell&#8217;Insubria e Universit\u00e0 della Svizzera Italiana<br \/>\nPietro Muliere || Universit\u00e0 Bocconi di Milano<br \/>\nPaolo Natale || Universit\u00e0 Statale di Milano<br \/>\nFabio Quassoli || Universit\u00e0 Bicocca di Milano<br \/>\nPiercesare Secchi || Politecnico di Milano<br \/>\nSergio Splendore || Universit\u00e0 degli Studi Milano Statale<br \/>\nGiulio Enea Vigevani || Universit\u00e0 Bicocca di Milano<br \/>\nMarina Villa || Universit\u00e0 del Sacro Cuore di Brescia<\/p>\n<h2>Researchers Associates<\/h2>\n<p>Koshin Aden<br \/>\nMonia Azzalini<br \/>\nPaola Barretta<br \/>\nValeria Bianchi<br \/>\nCristina Candiracci<br \/>\nJuan Canseco<br \/>\nAndrea Caretta<br \/>\nLudovica Cassetta<br \/>\nVittorio Cobianchi<br \/>\nRoberto Foppa<br \/>\nChristian Ghelfi<br \/>\nRiccardo Gibelli<br \/>\nGiovanna Maiola<br \/>\nManuela Malchiodi<br \/>\nAndrea Malnati<br \/>\nMirella Marchese<br \/>\nGiuseppe Milazzo<br \/>\nPaolo Montenegro<br \/>\nLaura Montini<br \/>\nAntonio Nizzoli<br \/>\nNikos Panetsos<br \/>\nLaura Pisani<br \/>\nMarta Ponte<br \/>\nGiovanni Sarani<br \/>\nMartina Stevanato<br \/>\nLuca Ternavasio<br \/>\nSerena Valva<\/p>","protected":false},"excerpt":{"rendered":"<p>Board of Directors: Andrea Caretta || President Ludovica Cassetta || Vicepresident Valeria Bianchi || Board Member Andrea Malnati || Board Member Laura Montini || Board Member Scientific Committee: Sara Bentivegna || Universit\u00e0 Sapienza di Roma Giovanna Cosenza || Universit\u00e0 di Bologna Marco Cuniberti || Universit\u00e0 degli Studi di Milano Daniele &hellip; <a href=\"https:\/\/www.osservatorio.it\/en\/lo-staff\/\">Continued<\/a><\/p>\n","protected":false},"author":2,"featured_media":166,"parent":0,"menu_order":0,"comment_status":"closed","ping_status":"closed","template":"","meta":{"_acf_changed":false,"inline_featured_image":false,"footnotes":""},"class_list":["post-1075","page","type-page","status-publish","has-post-thumbnail","hentry"],"acf":[],"_links":{"self":[{"href":"https:\/\/www.osservatorio.it\/en\/wp-json\/wp\/v2\/pages\/1075","targetHints":{"allow":["GET"]}}],"collection":[{"href":"https:\/\/www.osservatorio.it\/en\/wp-json\/wp\/v2\/pages"}],"about":[{"href":"https:\/\/www.osservatorio.it\/en\/wp-json\/wp\/v2\/types\/page"}],"author":[{"embeddable":true,"href":"https:\/\/www.osservatorio.it\/en\/wp-json\/wp\/v2\/users\/2"}],"replies":[{"embeddable":true,"href":"https:\/\/www.osservatorio.it\/en\/wp-json\/wp\/v2\/comments?post=1075"}],"version-history":[{"count":27,"href":"https:\/\/www.osservatorio.it\/en\/wp-json\/wp\/v2\/pages\/1075\/revisions"}],"predecessor-version":[{"id":5983,"href":"https:\/\/www.osservatorio.it\/en\/wp-json\/wp\/v2\/pages\/1075\/revisions\/5983"}],"wp:featuredmedia":[{"embeddable":true,"href":"https:\/\/www.osservatorio.it\/en\/wp-json\/wp\/v2\/media\/166"}],"wp:attachment":[{"href":"https:\/\/www.osservatorio.it\/en\/wp-json\/wp\/v2\/media?parent=1075"}],"curies":[{"name":"wp","href":"https:\/\/api.w.org\/{rel}","templated":true}]}}