{"id":1302,"date":"2017-02-05T17:59:50","date_gmt":"2017-02-05T16:59:50","guid":{"rendered":"https:\/\/www.osservatorio.it\/?page_id=1302"},"modified":"2020-07-06T17:30:00","modified_gmt":"2020-07-06T15:30:00","slug":"clienti-e-partner","status":"publish","type":"page","link":"https:\/\/www.osservatorio.it\/en\/clienti-e-partner\/","title":{"rendered":"Customers and Partners"},"content":{"rendered":"<p>UNDP, UNHCR, UNESCO, Council of Europe, Camera dei Deputati, Istituto Superiore di Sanit\u00e0, Ministero degli Affari Esteri, Ministero dell\u2019Ambiente, Ministero del Tesoro, IOM Bruxelles, OSCE\/ODIHR, Ufficio del Parlamento europeo in Italia, Ufficio di Rappresentanza della Commissione Europea a Milano, Ufficio di Rappresentanza della Commissione Europea in Italia, Consiglio Nazionale dell\u2019Economia e del Lavoro, Corpo forestale dello Stato, Dipartimento delle Politiche europee (Presidenza del Consiglio dei Ministri) Consiglio Regionale Emilia Romagna, Consiglio Regionale Liguria, Consiglio Regionale Lombardia, Consiglio Regionale Piemonte, Consiglio Regionale Puglia, Consiglio Regionale Toscana, Provincia di Cagliari, Provincia di Lodi, Provincia di Milano, Provincia di Parma, Provincia di Venezia, Regione Autonoma della Sardegna , Regione Campania, Regione Lazio, Comitato provinciale per le comunicazioni della Provincia Autonoma di Trento, Comitato provinciale per le comunicazioni della Provincia Autonoma di Bolzano, CoReCom della Regione Abruzzo, CoReCom della Regione Calabria, CoReCom della Regione Emilia Romagna, CoReCom della Regione Friuli Venezia Giulia, CoReCom della Regione Lazio, CoReCom della Regione Liguria, CoReCom della Regione Lombardia , CoReCom della Regione Marche, CoReCom della Regione Piemonte, CoReCom della Regione Sardegna, CoReCom della Regione Toscana, CoReCom della Regione Val d\u2019Aosta, CoReCom della Regione Veneto, ASL8 di Cagliari, Comune di Oristano, AUSE (Associazione Universitaria di Studi Europei),<\/p>\n<p>UNICEF, WWF, CARITAS, Medici Senza Frontiere, Amnesty International Italia, Amref, Fondazione Unipolis, ASPR, Ordine dei giornalisti, Associazione Carta di Roma, COPEAM (Permanent Conference of the Mediterranean Audiovisual Operators), CSI Piemonte, CSV (Centro Servizi Volontariato) di Pavia e Provincia, ECES (European Centre for Electoral Support), EIGE (European Institute for Gender Equality), Elex (Esperti di osservazione internazionale e di processi di democratizzazione), ERIS (Electoral Reform International Services), EODS (Election Observation and Democratic Support), ERIS (Electoral Reform International Services), FEI (France Expertise Internationale), GIZ (Deutsche Gesellschaft f\u00fcr Internationale Zusammenarbeit), IMS (International Media Support), Istituto Mediawatch di Innsbruck, Austria, OMEC (Observatoire des M\u00e9dias Congolais), ONG Movimondo Roma, Soleterre, Associazione Diversity, Strategie di Pace Onlus, Sovrano Ordine di Malta, UCODEP, UCOFEM (Union Congolaise des Femmes des M\u00e9dias), WACC (World Association for Christian Communication<\/p>\n<p>RAI, Mediaset, La7, Sky, Euronews,\u00a0Fastweb, Enel, Eni, BMW, Pirelli, Ferrovie dello Stato, Telecom, Vodafone, British American Tobacco Italia, Coca Cola, Carat-Aegis media, Centromarca, CIRM, Civita, HBC Italia, Demos &amp; Pi, Editoriale Espresso, Editoriale Vita, Eurocare Italia, Fondazione Ambrosetti, Fondazione per la Scuola della Compagnia di San Paolo, IEM \u2013 Fondazione Rosselli, IReR-Lombardia, eXtrapola, GPF&amp;Associati, Istituto IARD, IBC (Associazione delle Industrie dei Beni di Consumo), IIT (Istituto Italiano di Tecnologia), Ipsos S.r.l., Altroconsumo, Ispi, Istituto di Ricerche Farmacologiche Mario Negri, Istituto Luce, Koinetica, LaPolis (Universit\u00e0 degli Studi di Urbino \u201cCarlo Bo\u201d), Methodos, l\u2019Unit\u00e0, Parini e associati, Pomilio Blumm, Reckitt Benckiser Italia, SelPress, Sisal, Sole 24 Ore, Soroptimist International Club Pavia, Stage up, Studio Frasi, SWG, Time, TNS Infratest Spa, TT&amp;Associati, Vanity Fair<\/p>\n<p>Universit\u00e0 di Harvard (Stati Uniti d\u2019America), Universit\u00e0 di Liverpool (UK), Istituto Universitario Europeo, IULM, Scuola Superiore Sant\u2019Anna di Pisa, Universit\u00e0 Cattolica di Milano, Universit\u00e0 degli Studi di Bologna, Universit\u00e0 degli Studi di Milano Bicocca, Universit\u00e0 degli Studi di Firenze, Universit\u00e0 degli Studi di Genova, Universit\u00e0 degli Studi di Padova, Universit\u00e0 degli Studi di Parma, Universit\u00e0 degli Studi di Pavia, Universit\u00e0 della Calabria, Universit\u00e0 di Roma La Sapienza, Universit\u00e0 di Roma Tre, Universit\u00e0 degli Studi di Siena, Universit\u00e0 di Torino, Universit\u00e0 degli Studi di Trento, Universit\u00e0 degli Studi di Urbino, Universit\u00e0 di Zseged (Ungheria)<\/p>","protected":false},"excerpt":{"rendered":"<p>UNDP, UNHCR, UNESCO, Council of Europe, Camera dei Deputati, Istituto Superiore di Sanit\u00e0, Ministero degli Affari Esteri, Ministero dell\u2019Ambiente, Ministero del Tesoro, IOM Bruxelles, OSCE\/ODIHR, Ufficio del Parlamento europeo in Italia, Ufficio di Rappresentanza della Commissione Europea a Milano, Ufficio di Rappresentanza della Commissione Europea in Italia, Consiglio Nazionale dell\u2019Economia &hellip; <a href=\"https:\/\/www.osservatorio.it\/en\/clienti-e-partner\/\">Continued<\/a><\/p>\n","protected":false},"author":2,"featured_media":1472,"parent":0,"menu_order":0,"comment_status":"closed","ping_status":"closed","template":"","meta":{"_acf_changed":false,"inline_featured_image":false,"footnotes":""},"class_list":["post-1302","page","type-page","status-publish","has-post-thumbnail","hentry"],"acf":[],"_links":{"self":[{"href":"https:\/\/www.osservatorio.it\/en\/wp-json\/wp\/v2\/pages\/1302","targetHints":{"allow":["GET"]}}],"collection":[{"href":"https:\/\/www.osservatorio.it\/en\/wp-json\/wp\/v2\/pages"}],"about":[{"href":"https:\/\/www.osservatorio.it\/en\/wp-json\/wp\/v2\/types\/page"}],"author":[{"embeddable":true,"href":"https:\/\/www.osservatorio.it\/en\/wp-json\/wp\/v2\/users\/2"}],"replies":[{"embeddable":true,"href":"https:\/\/www.osservatorio.it\/en\/wp-json\/wp\/v2\/comments?post=1302"}],"version-history":[{"count":7,"href":"https:\/\/www.osservatorio.it\/en\/wp-json\/wp\/v2\/pages\/1302\/revisions"}],"predecessor-version":[{"id":3556,"href":"https:\/\/www.osservatorio.it\/en\/wp-json\/wp\/v2\/pages\/1302\/revisions\/3556"}],"wp:featuredmedia":[{"embeddable":true,"href":"https:\/\/www.osservatorio.it\/en\/wp-json\/wp\/v2\/media\/1472"}],"wp:attachment":[{"href":"https:\/\/www.osservatorio.it\/en\/wp-json\/wp\/v2\/media?parent=1302"}],"curies":[{"name":"wp","href":"https:\/\/api.w.org\/{rel}","templated":true}]}}